{"id":8537,"date":"2025-04-01T08:11:31","date_gmt":"2025-04-01T06:11:31","guid":{"rendered":"https:\/\/www.noahsfruechte.de\/produkt\/%d5%bc%d5%b8%d5%b5%d5%a1%d5%ac-%d5%a1%d6%80%d5%b4%d5%a5%d5%b6%d5%ab%d5%a1-%d5%bf%d5%a1%d6%84-%d5%b7%d5%b8%d5%af%d5%b8%d5%ac%d5%a1%d5%a4\/"},"modified":"2025-05-07T14:49:13","modified_gmt":"2025-05-07T12:49:13","slug":"%d5%bc%d5%b8%d5%b5%d5%a1%d5%ac-%d5%a1%d6%80%d5%b4%d5%a5%d5%b6%d5%ab%d5%a1-%d5%bf%d5%a1%d6%84-%d5%b7%d5%b8%d5%af%d5%b8%d5%ac%d5%a1%d5%a4","status":"publish","type":"product","link":"https:\/\/www.noahsfruechte.de\/hy\/produkt\/%d5%bc%d5%b8%d5%b5%d5%a1%d5%ac-%d5%a1%d6%80%d5%b4%d5%a5%d5%b6%d5%ab%d5%a1-%d5%bf%d5%a1%d6%84-%d5%b7%d5%b8%d5%af%d5%b8%d5%ac%d5%a1%d5%a4\/","title":{"rendered":"\u054c\u0578\u0575\u0561\u056c \u0531\u0550\u0544\u0535\u0546\u053b\u0531 \u057f\u0561\u0584 \u0577\u0578\u056f\u0578\u056c\u0561\u0564"},"content":{"rendered":"<p>&nbsp; Royal Armenia&nbsp; Hot Choco&nbsp; 400g&nbsp;&nbsp;<\/p>\n<p>Kakaohaltiges Getr\u00e4nkepulver<\/p>\n<p><font color=\"#3d3d3f\" face=\"Tahoma, Geneva, sans-serif\">&nbsp;<\/font> Inhalt-20 Sticks je. 20g<\/p>\n<p>&nbsp;Zubereitung:&nbsp; &nbsp;Beutelinhalt in eine Tasse geben.&nbsp; &nbsp; 150ml hei\u00dfes&nbsp;<\/p>\n<p>&nbsp;Wasser hinzugeben.&nbsp; &nbsp;Umr\u00fchren und genie\u00dfen!<\/p>\n<\/p>\n<p>&nbsp;K\u00fchl und trocken lagern.<\/p>\n<p>&nbsp;<br \/>\n&nbsp;<br \/>\n&nbsp;<br \/>\nHergestellt&nbsp; &nbsp;in Armenien.<\/p>\n<p>Importeur A&amp;D Food GmbH<\/p>\n<p>Odenwaldstr 9. 64850 Schaafheim&nbsp;<\/p>\n","protected":false},"excerpt":{"rendered":"<p>&nbsp; Royal Armenia&nbsp; Hot Choco&nbsp; 400g&nbsp;&nbsp; Kakaohaltiges Getr\u00e4nkepulver &nbsp; Inhalt-20 Sticks je. 20g &nbsp;Zubereitung:&nbsp; &nbsp;Beutelinhalt in eine Tasse geben.&nbsp; &nbsp; 150ml hei\u00dfes&nbsp; &nbsp;Wasser hinzugeben.&nbsp; &nbsp;Umr\u00fchren und genie\u00dfen! &nbsp;K\u00fchl und trocken lagern. &nbsp; &nbsp; &nbsp; Hergestellt&nbsp; &nbsp;in Armenien. Importeur A&amp;D Food GmbH Odenwaldstr 9. 64850 Schaafheim&nbsp;<\/p>\n","protected":false},"featured_media":7838,"comment_status":"closed","ping_status":"closed","template":"","meta":{"_acf_changed":false},"product_brand":[],"product_cat":[351,345],"product_tag":[],"class_list":{"0":"post-8537","1":"product","2":"type-product","3":"status-publish","4":"has-post-thumbnail","6":"product_cat-351","7":"product_cat-345","9":"first","10":"outofstock","11":"sale","12":"taxable","13":"shipping-taxable","14":"purchasable","15":"product-type-simple"},"acf":[],"_links":{"self":[{"href":"https:\/\/www.noahsfruechte.de\/hy\/wp-json\/wp\/v2\/product\/8537","targetHints":{"allow":["GET"]}}],"collection":[{"href":"https:\/\/www.noahsfruechte.de\/hy\/wp-json\/wp\/v2\/product"}],"about":[{"href":"https:\/\/www.noahsfruechte.de\/hy\/wp-json\/wp\/v2\/types\/product"}],"replies":[{"embeddable":true,"href":"https:\/\/www.noahsfruechte.de\/hy\/wp-json\/wp\/v2\/comments?post=8537"}],"wp:featuredmedia":[{"embeddable":true,"href":"https:\/\/www.noahsfruechte.de\/hy\/wp-json\/wp\/v2\/media\/7838"}],"wp:attachment":[{"href":"https:\/\/www.noahsfruechte.de\/hy\/wp-json\/wp\/v2\/media?parent=8537"}],"wp:term":[{"taxonomy":"product_brand","embeddable":true,"href":"https:\/\/www.noahsfruechte.de\/hy\/wp-json\/wp\/v2\/product_brand?post=8537"},{"taxonomy":"product_cat","embeddable":true,"href":"https:\/\/www.noahsfruechte.de\/hy\/wp-json\/wp\/v2\/product_cat?post=8537"},{"taxonomy":"product_tag","embeddable":true,"href":"https:\/\/www.noahsfruechte.de\/hy\/wp-json\/wp\/v2\/product_tag?post=8537"}],"curies":[{"name":"wp","href":"https:\/\/api.w.org\/{rel}","templated":true}]}}